{"id":222,"date":"2017-01-02T17:51:50","date_gmt":"2017-01-02T17:51:50","guid":{"rendered":"http:\/\/www.donguri.ch\/?page_id=222"},"modified":"2017-04-04T11:32:03","modified_gmt":"2017-04-04T10:32:03","slug":"gegenwartige-probleme-und-donguri-mothod-2","status":"publish","type":"page","link":"http:\/\/www.donguri.ch\/?lang=de","title":{"rendered":"Gegenw\u00e4rtige Probleme und Donguri Mothod"},"content":{"rendered":"<div id=\"id_586a92630382a1946883430\" class=\"text_exposed_root text_exposed\">\n<p>\u201c Bildungsreform 2020\u201d ist ein grosses Thema in Japan. Verst\u00e4rkung von Vorstellungs-und Denkverm\u00f6gen, Urteilsverm\u00f6gen und Ausdrucksverm\u00f6gen wird eine grosse S\u00e4ule von der japanischen Bildungsreform.<\/p>\n<p>Einfache wiederholte Schreibarbeit von Kanjis mit ganzer Konzentration ist Konzentration \u201cohne zu denken\u201d. Fliessendes Lautlesen ohne zu vergustieren ist Leseverm\u00f6gen \u201eohne zu denken\u201c. Langsam und nicht fliessend aber mit Vorstellung im K<span class=\"text_exposed_show\">opf und mit Vergustieren ist das echte Leseverm\u00f6gen.\u00a0<\/span><\/p>\n<div class=\"text_exposed_show\">\n<p>\u201cLesen\u201d heisst dass man aussprechen die Texte kann.<br \/>\n\u201eVerstehen\u201c heisst, dass man die Bilder im Kopf vorstellen und sehen kann, was man ausspricht.<br \/>\n\u201cDenken\u201d heisst, dass man die Bilder im Kopf bewegen und umformen kann.<\/p>\n<p>\u201eWort\u201c ist der Ausl\u00f6ser der Bild-Vorstellung im Kopf = Trigger. Wenn man es nicht versteht, kann man nicht \u201cAusdrucks-, Verstehens- und Denkverm\u00f6gen\u201c verst\u00e4rken lassen. Das heisst, wenn man \u201e Trigger von Worten\u201c nicht versteht, kann man nicht \u201erichtig\u201c unterrichten. Wenn man ganz einfach denkt, \u201eViel Lesen bringt Bessere Verst\u00e4ndnisverm\u00f6gen in der Sprache \u201c , ist leider zu kurz gedacht. Wichtig ist, \u201eWorten \u2192 Bild-im Kopf-Vorstellen\u201d richtig zu machen (verstehen) und nach Anweisung das Bild im Kopf zu bewegen und zu umformen.<\/p>\n<p>Wiederholungs\u00fcbung und Langzeitged\u00e4chtnis hat keine Korrelation. Der Lauf der Zeit<br \/>\nist nicht der Hauptgrund des Vergessens. Das Wichtige f\u00fcr das Ged\u00e4chtnis ist die Verankerung. Und die Verankerung durch visueller und k\u00f6rperlicher Erfahrung ist sehr effizient.<\/p>\n<p>\u201cAktives Spiel\u201d verst\u00e4rkt ganz effizient Lernverm\u00f6gen und Vorstellungs- und Denkverm\u00f6gen. \u201cAktives Spiel\u201d heisst \u201cSpiel, das Kinder gern machen\u201d und nicht \u201cdas Spiel, dass Kinder gezwungen zu werden\u201d<\/p>\n<p>Vor allem \u201eVerstehens Verm\u00f6gen (Bild-Vorstellungverm\u00f6gen)\u201c kann durch eigene Erfahrungen und k\u00f6rperliche Erfahrungen verst\u00e4rkt werden. Die \u201cErfahrungen, die die Kinder mit allen Sinnen gespielt haben\u201d verst\u00e4rken Vorstellungverm\u00f6gen.<br \/>\nDas beste Spiel ist \u201eSpielen in der Natur\u201c.<\/p>\n<p>Fazit: Hauptbestandteil von Donguri Kurs ist<br \/>\n1. Draussen Spielen (m\u00f6glichst viel in die Natur)<br \/>\n2. Kanji Lernen (gemeinsam Geschichte erfinden = Verankern mit der gemeinsamen Erfahrung, Verst\u00e4rkung der Vorstellungverm\u00f6gen durch Kanji Anschauen, Laut und Bedeutung vergustieren)<br \/>\n3. Mathematische Textaufgaben l\u00f6sen (aus kurzer japanischen Textaufgaben auf Papier die Bilder malen)<\/p>\n<p>Alles auf Japanisch unterrichtet und kommuniziert. Und viel Spass verst\u00e4rken wir die Vorstellungs- und Denkverm\u00f6gen von Kindern. Das ist Donguri Kurs.<\/p>\n<\/div>\n<\/div>\n<p><script>\n  (function(i,s,o,g,r,a,m){i['GoogleAnalyticsObject']=r;i[r]=i[r]||function(){\n  (i[r].q=i[r].q||[]).push(arguments)},i[r].l=1*new Date();a=s.createElement(o),\n  m=s.getElementsByTagName(o)[0];a.async=1;a.src=g;m.parentNode.insertBefore(a,m)\n  })(window,document,'script','https:\/\/www.google-analytics.com\/analytics.js','ga');<\/p>\n<p>  ga('create', 'UA-89107813-1', 'auto');\n  ga('send', 'pageview');<\/p>\n<p><\/script><\/p>\n<p><a href=\"https:\/\/www.facebook.com\/swiss.donguri\"><img loading=\"lazy\" decoding=\"async\" class=\"alignnone size-full wp-image-236\" src=\"http:\/\/wp2.konakueche.com\/wp-content\/uploads\/2017\/02\/FB_FindUsOnFacebook-144\u306e\u30b3\u30d4\u30fc.png\" alt=\"\" width=\"144\" height=\"37\" \/><\/a><\/p>\n","protected":false},"excerpt":{"rendered":"<p>\u201c Bildungsreform 2020\u201d ist ein grosses Thema in Japan.  &#8230; <span class=\"more\"><a class=\"more-link\" href=\"http:\/\/www.donguri.ch\/?lang=de\">[Read more&#8230;]<\/a><\/span><\/p>\n","protected":false},"author":1,"featured_media":0,"parent":0,"menu_order":0,"comment_status":"open","ping_status":"open","template":"","meta":{"footnotes":""},"class_list":["entry","page","publish","author-admin","post-222"],"_links":{"self":[{"href":"http:\/\/www.donguri.ch\/index.php?rest_route=\/wp\/v2\/pages\/222","targetHints":{"allow":["GET"]}}],"collection":[{"href":"http:\/\/www.donguri.ch\/index.php?rest_route=\/wp\/v2\/pages"}],"about":[{"href":"http:\/\/www.donguri.ch\/index.php?rest_route=\/wp\/v2\/types\/page"}],"author":[{"embeddable":true,"href":"http:\/\/www.donguri.ch\/index.php?rest_route=\/wp\/v2\/users\/1"}],"replies":[{"embeddable":true,"href":"http:\/\/www.donguri.ch\/index.php?rest_route=%2Fwp%2Fv2%2Fcomments&post=222"}],"version-history":[{"count":3,"href":"http:\/\/www.donguri.ch\/index.php?rest_route=\/wp\/v2\/pages\/222\/revisions"}],"predecessor-version":[{"id":395,"href":"http:\/\/www.donguri.ch\/index.php?rest_route=\/wp\/v2\/pages\/222\/revisions\/395"}],"wp:attachment":[{"href":"http:\/\/www.donguri.ch\/index.php?rest_route=%2Fwp%2Fv2%2Fmedia&parent=222"}],"curies":[{"name":"wp","href":"https:\/\/api.w.org\/{rel}","templated":true}]}}